{"id":15936,"date":"2022-08-15T16:26:07","date_gmt":"2022-08-15T16:26:07","guid":{"rendered":"https:\/\/ringonme.de\/pie-de-imprenta\/"},"modified":"2024-11-07T13:00:13","modified_gmt":"2024-11-07T13:00:13","slug":"pie-de-imprenta","status":"publish","type":"page","link":"https:\/\/ringonme.de\/es\/pie-de-imprenta\/","title":{"rendered":"Pie de imprenta"},"content":{"rendered":"\t\t<div data-elementor-type=\"wp-page\" data-elementor-id=\"15936\" class=\"elementor elementor-15936 elementor-6495\" data-elementor-post-type=\"page\">\n\t\t\t\t\t\t<section class=\"elementor-section elementor-top-section elementor-element elementor-element-c4d2fc6 elementor-section-stretched elementor-section-boxed elementor-section-height-default elementor-section-height-default\" data-id=\"c4d2fc6\" data-element_type=\"section\" data-e-type=\"section\" data-settings=\"{&quot;stretch_section&quot;:&quot;section-stretched&quot;,&quot;background_background&quot;:&quot;classic&quot;,&quot;artale_ext_is_background_parallax&quot;:&quot;false&quot;,&quot;artale_ext_is_background_on_scroll&quot;:&quot;false&quot;}\">\n\t\t\t\t\t\t<div class=\"elementor-container elementor-column-gap-default\">\n\t\t\t\t\t<div class=\"elementor-column elementor-col-50 elementor-top-column elementor-element elementor-element-72ab291\" data-id=\"72ab291\" data-element_type=\"column\" data-e-type=\"column\" data-settings=\"{&quot;artale_ext_link_sidemenu&quot;:&quot;false&quot;,&quot;artale_ext_link_fullmenu&quot;:&quot;false&quot;,&quot;artale_ext_is_sticky&quot;:&quot;false&quot;,&quot;artale_ext_is_scrollme&quot;:&quot;false&quot;,&quot;artale_ext_is_smoove&quot;:&quot;false&quot;,&quot;artale_ext_is_parallax_mouse&quot;:&quot;false&quot;,&quot;artale_ext_is_infinite&quot;:&quot;false&quot;,&quot;artale_ext_is_fadeout_animation&quot;:&quot;false&quot;}\">\n\t\t\t<div class=\"elementor-widget-wrap\">\n\t\t\t\t\t\t\t<\/div>\n\t\t<\/div>\n\t\t\t\t<div class=\"elementor-column elementor-col-50 elementor-top-column elementor-element elementor-element-45621db\" data-id=\"45621db\" data-element_type=\"column\" data-e-type=\"column\" data-settings=\"{&quot;artale_ext_link_sidemenu&quot;:&quot;false&quot;,&quot;artale_ext_link_fullmenu&quot;:&quot;false&quot;,&quot;artale_ext_is_sticky&quot;:&quot;false&quot;,&quot;artale_ext_is_scrollme&quot;:&quot;false&quot;,&quot;artale_ext_is_smoove&quot;:&quot;false&quot;,&quot;artale_ext_is_parallax_mouse&quot;:&quot;false&quot;,&quot;artale_ext_is_infinite&quot;:&quot;false&quot;,&quot;artale_ext_is_fadeout_animation&quot;:&quot;false&quot;}\">\n\t\t\t<div class=\"elementor-widget-wrap elementor-element-populated\">\n\t\t\t\t\t\t<div class=\"elementor-element elementor-element-fdfc719 elementor-widget elementor-widget-spacer\" data-id=\"fdfc719\" data-element_type=\"widget\" data-e-type=\"widget\" data-settings=\"{&quot;artale_ext_link_sidemenu&quot;:&quot;false&quot;,&quot;artale_ext_link_fullmenu&quot;:&quot;false&quot;,&quot;artale_ext_is_sticky&quot;:&quot;false&quot;,&quot;artale_ext_is_scrollme&quot;:&quot;false&quot;,&quot;artale_ext_is_smoove&quot;:&quot;false&quot;,&quot;artale_ext_is_parallax_mouse&quot;:&quot;false&quot;,&quot;artale_ext_is_infinite&quot;:&quot;false&quot;,&quot;artale_ext_is_fadeout_animation&quot;:&quot;false&quot;}\" data-widget_type=\"spacer.default\">\n\t\t\t\t<div class=\"elementor-widget-container\">\n\t\t\t\t\t\t\t<div class=\"elementor-spacer\">\n\t\t\t<div class=\"elementor-spacer-inner\"><\/div>\n\t\t<\/div>\n\t\t\t\t\t\t<\/div>\n\t\t\t\t<\/div>\n\t\t\t\t<div class=\"elementor-element elementor-element-20cb22e elementor-widget__width-initial elementor-widget elementor-widget-image\" data-id=\"20cb22e\" data-element_type=\"widget\" data-e-type=\"widget\" data-settings=\"{&quot;artale_image_is_animation&quot;:&quot;false&quot;,&quot;artale_ext_link_sidemenu&quot;:&quot;false&quot;,&quot;artale_ext_link_fullmenu&quot;:&quot;false&quot;,&quot;artale_ext_is_sticky&quot;:&quot;false&quot;,&quot;artale_ext_is_scrollme&quot;:&quot;false&quot;,&quot;artale_ext_is_smoove&quot;:&quot;false&quot;,&quot;artale_ext_is_parallax_mouse&quot;:&quot;false&quot;,&quot;artale_ext_is_infinite&quot;:&quot;false&quot;,&quot;artale_ext_is_fadeout_animation&quot;:&quot;false&quot;}\" data-widget_type=\"image.default\">\n\t\t\t\t<div class=\"elementor-widget-container\">\n\t\t\t\t\t\t\t\t\t\t\t\t\t\t\t<img fetchpriority=\"high\" decoding=\"async\" width=\"800\" height=\"566\" src=\"https:\/\/ringonme.de\/wp-content\/uploads\/2024\/03\/RingOnMe_logo_Weiss-1024x724.png\" class=\"attachment-large size-large wp-image-15778\" alt=\"\" srcset=\"https:\/\/ringonme.de\/wp-content\/uploads\/2024\/03\/RingOnMe_logo_Weiss-1024x724.png 1024w, https:\/\/ringonme.de\/wp-content\/uploads\/2024\/03\/RingOnMe_logo_Weiss-300x212.png 300w, https:\/\/ringonme.de\/wp-content\/uploads\/2024\/03\/RingOnMe_logo_Weiss-768x543.png 768w, https:\/\/ringonme.de\/wp-content\/uploads\/2024\/03\/RingOnMe_logo_Weiss-1536x1086.png 1536w, https:\/\/ringonme.de\/wp-content\/uploads\/2024\/03\/RingOnMe_logo_Weiss-2048x1448.png 2048w, https:\/\/ringonme.de\/wp-content\/uploads\/2024\/03\/RingOnMe_logo_Weiss-18x12.png 18w, https:\/\/ringonme.de\/wp-content\/uploads\/2024\/03\/RingOnMe_logo_Weiss-440x311.png 440w\" sizes=\"(max-width: 800px) 100vw, 800px\" \/>\t\t\t\t\t\t\t\t\t\t\t\t\t\t\t<\/div>\n\t\t\t\t<\/div>\n\t\t\t\t\t<\/div>\n\t\t<\/div>\n\t\t\t\t\t<\/div>\n\t\t<\/section>\n\t\t\t\t<section class=\"elementor-section elementor-top-section elementor-element elementor-element-a8e3ce4 elementor-section-stretched elementor-section-boxed elementor-section-height-default elementor-section-height-default\" data-id=\"a8e3ce4\" data-element_type=\"section\" data-e-type=\"section\" data-settings=\"{&quot;stretch_section&quot;:&quot;section-stretched&quot;,&quot;background_background&quot;:&quot;classic&quot;,&quot;artale_ext_is_background_parallax&quot;:&quot;false&quot;,&quot;artale_ext_is_background_on_scroll&quot;:&quot;false&quot;}\">\n\t\t\t\t\t\t<div class=\"elementor-container elementor-column-gap-default\">\n\t\t\t\t\t<div class=\"elementor-column elementor-col-100 elementor-top-column elementor-element elementor-element-c43ee89\" data-id=\"c43ee89\" data-element_type=\"column\" data-e-type=\"column\" data-settings=\"{&quot;background_background&quot;:&quot;classic&quot;,&quot;artale_ext_link_sidemenu&quot;:&quot;false&quot;,&quot;artale_ext_link_fullmenu&quot;:&quot;false&quot;,&quot;artale_ext_is_sticky&quot;:&quot;false&quot;,&quot;artale_ext_is_scrollme&quot;:&quot;false&quot;,&quot;artale_ext_is_smoove&quot;:&quot;false&quot;,&quot;artale_ext_is_parallax_mouse&quot;:&quot;false&quot;,&quot;artale_ext_is_infinite&quot;:&quot;false&quot;,&quot;artale_ext_is_fadeout_animation&quot;:&quot;false&quot;}\">\n\t\t\t<div class=\"elementor-widget-wrap elementor-element-populated\">\n\t\t\t\t\t\t<div class=\"elementor-element elementor-element-fdc9b07 elementor-widget elementor-widget-html\" data-id=\"fdc9b07\" data-element_type=\"widget\" data-e-type=\"widget\" data-settings=\"{&quot;artale_ext_link_sidemenu&quot;:&quot;false&quot;,&quot;artale_ext_link_fullmenu&quot;:&quot;false&quot;,&quot;artale_ext_is_sticky&quot;:&quot;false&quot;,&quot;artale_ext_is_scrollme&quot;:&quot;false&quot;,&quot;artale_ext_is_smoove&quot;:&quot;false&quot;,&quot;artale_ext_is_parallax_mouse&quot;:&quot;false&quot;,&quot;artale_ext_is_infinite&quot;:&quot;false&quot;,&quot;artale_ext_is_fadeout_animation&quot;:&quot;false&quot;}\" data-widget_type=\"html.default\">\n\t\t\t\t<div class=\"elementor-widget-container\">\n\t\t\t\t\t<h1>Pie de imprenta<\/h1>\n\n<h2>Informaci\u00f3n seg\u00fan \u00a7 5 TMG<\/h2>\n<p><br><br><br> George Crhistian Vizueta Tagle Wolfskuhle 30 EG 45276 Essen<\/p>\n\n<h2>Contacta con nosotros<\/h2>\n<p><br> Tel\u00e9fono: +49176 75 42 00 49 Correo electr\u00f3nico: mywedding@ringonme.de<\/p>\n\n<h2>Editorialmente responsable<\/h2>\n<p>George Crhistian Vizueta Tagle<\/p>\n\n<h2>Resoluci\u00f3n de litigios en la UE<\/h2>\n<p>La Comisi\u00f3n Europea ofrece una plataforma para la resoluci\u00f3n de litigios en l\u00ednea (OS): <a href=\"https:\/\/ec.europa.eu\/consumers\/odr\/\" target=\"_blank\" rel=\"noopener noreferrer\">https:\/\/ec.europa.eu\/consumers\/odr\/.<\/a><br> Puedes encontrar nuestra direcci\u00f3n de correo electr\u00f3nico en el aviso legal anterior.<\/p>\n\n<h2>Resoluci\u00f3n de litigios de consumo\/centro de arbitraje universal<\/h2>\n<p>No estamos dispuestos ni obligados a participar en procedimientos de resoluci\u00f3n de litigios ante una junta de arbitraje de consumo.<\/p>\n<h2>Descargo de responsabilidad<\/h2>\n\n<h2>Responsabilidad por el contenido<\/h2>\n\n<p>Como proveedor de servicios, somos responsables de nuestro propio contenido en estas p\u00e1ginas de acuerdo con el art\u00edculo 7 (1) de la TMG (Ley alemana de Telemedios) y la legislaci\u00f3n general. Sin embargo, seg\u00fan los \u00a7\u00a7 8 a 10 de la TMG, como proveedor de servicios no estamos obligados a controlar la informaci\u00f3n de terceros transmitida o almacenada, ni a investigar circunstancias que indiquen una actividad ilegal.  <\/p>\n\n<p>Esto no afecta a las obligaciones de eliminar o bloquear el uso de informaci\u00f3n de acuerdo con la legislaci\u00f3n general. Sin embargo, la responsabilidad a este respecto s\u00f3lo es posible a partir del momento en que tengamos conocimiento de una infracci\u00f3n concreta. Tan pronto como tengamos conocimiento de tales infracciones, eliminaremos este contenido inmediatamente.  <\/p>\n\n<h2>Responsabilidad de los enlaces<\/h2>\n\n<p>Nuestro sitio web contiene enlaces a sitios web externos de terceros sobre cuyo contenido no tenemos ninguna influencia. Por lo tanto, no podemos aceptar ninguna responsabilidad por este contenido de terceros. El respectivo proveedor u operador de las p\u00e1ginas es siempre responsable del contenido de las p\u00e1ginas enlazadas. Las p\u00e1ginas enlazadas se comprobaron en el momento de enlazarlas para detectar posibles infracciones legales. Los contenidos ilegales no eran reconocibles en el momento de establecer el enlace.    <\/p>\n\n<p>Sin embargo, la supervisi\u00f3n permanente del contenido de las p\u00e1ginas enlazadas no es razonable sin pruebas concretas de una infracci\u00f3n. Si tenemos conocimiento de alguna infracci\u00f3n legal, eliminaremos dichos enlaces inmediatamente. <\/p>\n\n\n<h2>Derechos de autor<\/h2>\n\n<p>El contenido y las obras creadas por los operadores del sitio en estas p\u00e1ginas est\u00e1n sujetos a la legislaci\u00f3n alemana sobre derechos de autor. La duplicaci\u00f3n, procesamiento, distribuci\u00f3n y cualquier tipo de utilizaci\u00f3n fuera de los l\u00edmites de la ley de derechos de autor requieren el consentimiento por escrito del respectivo autor o creador. Las descargas y copias de este sitio s\u00f3lo est\u00e1n permitidas para uso privado y no comercial.  <\/p>\n\n<p>En la medida en que el contenido de este sitio no haya sido creado por el operador, se respetan los derechos de autor de terceros. En particular, el contenido de terceros est\u00e1 etiquetado como tal. No obstante, si tuvieras conocimiento de una infracci\u00f3n de los derechos de autor, te rogamos que nos lo comuniques. Si tenemos conocimiento de alguna infracci\u00f3n, eliminaremos dicho contenido inmediatamente.   <\/p>\n<p>Fuente: <a href=\"https:\/\/www.e-recht24.de\">e-recht24.de<\/a><\/p>\t\t\t\t<\/div>\n\t\t\t\t<\/div>\n\t\t\t\t\t<\/div>\n\t\t<\/div>\n\t\t\t\t\t<\/div>\n\t\t<\/section>\n\t\t\t\t<\/div>\n\t\t","protected":false},"excerpt":{"rendered":"<p>Pie de imprenta Informaci\u00f3n seg\u00fan \u00a7 5 TMG George Crhistian Vizueta Tagle Wolfskuhle 30 EG 45276 Essen Contacta con nosotros Tel\u00e9fono: +49176 75 42 00 49 Correo electr\u00f3nico: mywedding@ringonme.de Editorialmente responsable George Crhistian Vizueta Tagle Resoluci\u00f3n de litigios en la UE La Comisi\u00f3n Europea ofrece una plataforma para la resoluci\u00f3n de litigios en l\u00ednea (OS): [&hellip;]<\/p>\n","protected":false},"author":1,"featured_media":0,"parent":0,"menu_order":0,"comment_status":"closed","ping_status":"closed","template":"","meta":{"footnotes":""},"class_list":["post-15936","page","type-page","status-publish","hentry"],"yoast_head":"<!-- This site is optimized with the Yoast SEO Premium plugin v24.7 (Yoast SEO v25.6) - https:\/\/yoast.com\/wordpress\/plugins\/seo\/ -->\n<title>Pie de imprenta - RING ON ME | Hochzeitsplanung<\/title>\n<meta name=\"robots\" content=\"index, follow, max-snippet:-1, max-image-preview:large, max-video-preview:-1\" \/>\n<link rel=\"canonical\" href=\"https:\/\/ringonme.de\/es\/pie-de-imprenta\/\" \/>\n<meta property=\"og:locale\" content=\"es_ES\" \/>\n<meta property=\"og:type\" content=\"article\" \/>\n<meta property=\"og:title\" content=\"Pie de imprenta\" \/>\n<meta property=\"og:description\" content=\"Pie de imprenta Informaci\u00f3n seg\u00fan \u00a7 5 TMG George Crhistian Vizueta Tagle Wolfskuhle 30 EG 45276 Essen Contacta con nosotros Tel\u00e9fono: +49176 75 42 00 49 Correo electr\u00f3nico: mywedding@ringonme.de Editorialmente responsable George Crhistian Vizueta Tagle Resoluci\u00f3n de litigios en la UE La Comisi\u00f3n Europea ofrece una plataforma para la resoluci\u00f3n de litigios en l\u00ednea (OS): [&hellip;]\" \/>\n<meta property=\"og:url\" content=\"https:\/\/ringonme.de\/es\/pie-de-imprenta\/\" \/>\n<meta property=\"og:site_name\" content=\"RING ON ME | Hochzeitsplanung\" \/>\n<meta property=\"article:modified_time\" content=\"2024-11-07T13:00:13+00:00\" \/>\n<meta property=\"og:image\" content=\"https:\/\/ringonme.de\/wp-content\/uploads\/2024\/03\/RingOnMe_logo_Weiss.png\" \/>\n\t<meta property=\"og:image:width\" content=\"3508\" \/>\n\t<meta property=\"og:image:height\" content=\"2481\" \/>\n\t<meta property=\"og:image:type\" content=\"image\/png\" \/>\n<meta name=\"twitter:card\" content=\"summary_large_image\" \/>\n<meta name=\"twitter:label1\" content=\"Tiempo de lectura\" \/>\n\t<meta name=\"twitter:data1\" content=\"3 minutos\" \/>\n<script type=\"application\/ld+json\" class=\"yoast-schema-graph\">{\"@context\":\"https:\/\/schema.org\",\"@graph\":[{\"@type\":\"WebPage\",\"@id\":\"https:\/\/ringonme.de\/es\/pie-de-imprenta\/\",\"url\":\"https:\/\/ringonme.de\/es\/pie-de-imprenta\/\",\"name\":\"Pie de imprenta - RING ON ME | Hochzeitsplanung\",\"isPartOf\":{\"@id\":\"https:\/\/ringonme.de\/#website\"},\"primaryImageOfPage\":{\"@id\":\"https:\/\/ringonme.de\/es\/pie-de-imprenta\/#primaryimage\"},\"image\":{\"@id\":\"https:\/\/ringonme.de\/es\/pie-de-imprenta\/#primaryimage\"},\"thumbnailUrl\":\"https:\/\/ringonme.de\/wp-content\/uploads\/2024\/03\/RingOnMe_logo_Weiss-1024x724.png\",\"datePublished\":\"2022-08-15T16:26:07+00:00\",\"dateModified\":\"2024-11-07T13:00:13+00:00\",\"breadcrumb\":{\"@id\":\"https:\/\/ringonme.de\/es\/pie-de-imprenta\/#breadcrumb\"},\"inLanguage\":\"es\",\"potentialAction\":[{\"@type\":\"ReadAction\",\"target\":[\"https:\/\/ringonme.de\/es\/pie-de-imprenta\/\"]}]},{\"@type\":\"ImageObject\",\"inLanguage\":\"es\",\"@id\":\"https:\/\/ringonme.de\/es\/pie-de-imprenta\/#primaryimage\",\"url\":\"https:\/\/ringonme.de\/wp-content\/uploads\/2024\/03\/RingOnMe_logo_Weiss-1024x724.png\",\"contentUrl\":\"https:\/\/ringonme.de\/wp-content\/uploads\/2024\/03\/RingOnMe_logo_Weiss-1024x724.png\"},{\"@type\":\"BreadcrumbList\",\"@id\":\"https:\/\/ringonme.de\/es\/pie-de-imprenta\/#breadcrumb\",\"itemListElement\":[{\"@type\":\"ListItem\",\"position\":1,\"name\":\"Startseite\",\"item\":\"https:\/\/ringonme.de\/\"},{\"@type\":\"ListItem\",\"position\":2,\"name\":\"Pie de imprenta\"}]},{\"@type\":\"WebSite\",\"@id\":\"https:\/\/ringonme.de\/#website\",\"url\":\"https:\/\/ringonme.de\/\",\"name\":\"RING ON ME | Hochzeitsplanung\",\"description\":\"Hochzeitsplanung\",\"publisher\":{\"@id\":\"https:\/\/ringonme.de\/#organization\"},\"potentialAction\":[{\"@type\":\"SearchAction\",\"target\":{\"@type\":\"EntryPoint\",\"urlTemplate\":\"https:\/\/ringonme.de\/?s={search_term_string}\"},\"query-input\":{\"@type\":\"PropertyValueSpecification\",\"valueRequired\":true,\"valueName\":\"search_term_string\"}}],\"inLanguage\":\"es\"},{\"@type\":\"Organization\",\"@id\":\"https:\/\/ringonme.de\/#organization\",\"name\":\"Ring on Me | Hochzeitsplanung - Wedding Designs\",\"url\":\"https:\/\/ringonme.de\/\",\"logo\":{\"@type\":\"ImageObject\",\"inLanguage\":\"es\",\"@id\":\"https:\/\/ringonme.de\/#\/schema\/logo\/image\/\",\"url\":\"https:\/\/ringonme.de\/wp-content\/uploads\/2022\/08\/3-1.png\",\"contentUrl\":\"https:\/\/ringonme.de\/wp-content\/uploads\/2022\/08\/3-1.png\",\"width\":1500,\"height\":1500,\"caption\":\"Ring on Me | Hochzeitsplanung - Wedding Designs\"},\"image\":{\"@id\":\"https:\/\/ringonme.de\/#\/schema\/logo\/image\/\"},\"sameAs\":[\"https:\/\/www.instagram.com\/ring.on.me\/\"]}]}<\/script>\n<!-- \/ Yoast SEO Premium plugin. -->","yoast_head_json":{"title":"Pie de imprenta - RING ON ME | Hochzeitsplanung","robots":{"index":"index","follow":"follow","max-snippet":"max-snippet:-1","max-image-preview":"max-image-preview:large","max-video-preview":"max-video-preview:-1"},"canonical":"https:\/\/ringonme.de\/es\/pie-de-imprenta\/","og_locale":"es_ES","og_type":"article","og_title":"Pie de imprenta","og_description":"Pie de imprenta Informaci\u00f3n seg\u00fan \u00a7 5 TMG George Crhistian Vizueta Tagle Wolfskuhle 30 EG 45276 Essen Contacta con nosotros Tel\u00e9fono: +49176 75 42 00 49 Correo electr\u00f3nico: mywedding@ringonme.de Editorialmente responsable George Crhistian Vizueta Tagle Resoluci\u00f3n de litigios en la UE La Comisi\u00f3n Europea ofrece una plataforma para la resoluci\u00f3n de litigios en l\u00ednea (OS): [&hellip;]","og_url":"https:\/\/ringonme.de\/es\/pie-de-imprenta\/","og_site_name":"RING ON ME | Hochzeitsplanung","article_modified_time":"2024-11-07T13:00:13+00:00","og_image":[{"width":3508,"height":2481,"url":"https:\/\/ringonme.de\/wp-content\/uploads\/2024\/03\/RingOnMe_logo_Weiss.png","type":"image\/png"}],"twitter_card":"summary_large_image","twitter_misc":{"Tiempo de lectura":"3 minutos"},"schema":{"@context":"https:\/\/schema.org","@graph":[{"@type":"WebPage","@id":"https:\/\/ringonme.de\/es\/pie-de-imprenta\/","url":"https:\/\/ringonme.de\/es\/pie-de-imprenta\/","name":"Pie de imprenta - RING ON ME | Hochzeitsplanung","isPartOf":{"@id":"https:\/\/ringonme.de\/#website"},"primaryImageOfPage":{"@id":"https:\/\/ringonme.de\/es\/pie-de-imprenta\/#primaryimage"},"image":{"@id":"https:\/\/ringonme.de\/es\/pie-de-imprenta\/#primaryimage"},"thumbnailUrl":"https:\/\/ringonme.de\/wp-content\/uploads\/2024\/03\/RingOnMe_logo_Weiss-1024x724.png","datePublished":"2022-08-15T16:26:07+00:00","dateModified":"2024-11-07T13:00:13+00:00","breadcrumb":{"@id":"https:\/\/ringonme.de\/es\/pie-de-imprenta\/#breadcrumb"},"inLanguage":"es","potentialAction":[{"@type":"ReadAction","target":["https:\/\/ringonme.de\/es\/pie-de-imprenta\/"]}]},{"@type":"ImageObject","inLanguage":"es","@id":"https:\/\/ringonme.de\/es\/pie-de-imprenta\/#primaryimage","url":"https:\/\/ringonme.de\/wp-content\/uploads\/2024\/03\/RingOnMe_logo_Weiss-1024x724.png","contentUrl":"https:\/\/ringonme.de\/wp-content\/uploads\/2024\/03\/RingOnMe_logo_Weiss-1024x724.png"},{"@type":"BreadcrumbList","@id":"https:\/\/ringonme.de\/es\/pie-de-imprenta\/#breadcrumb","itemListElement":[{"@type":"ListItem","position":1,"name":"Startseite","item":"https:\/\/ringonme.de\/"},{"@type":"ListItem","position":2,"name":"Pie de imprenta"}]},{"@type":"WebSite","@id":"https:\/\/ringonme.de\/#website","url":"https:\/\/ringonme.de\/","name":"RING ON ME | Hochzeitsplanung","description":"Hochzeitsplanung","publisher":{"@id":"https:\/\/ringonme.de\/#organization"},"potentialAction":[{"@type":"SearchAction","target":{"@type":"EntryPoint","urlTemplate":"https:\/\/ringonme.de\/?s={search_term_string}"},"query-input":{"@type":"PropertyValueSpecification","valueRequired":true,"valueName":"search_term_string"}}],"inLanguage":"es"},{"@type":"Organization","@id":"https:\/\/ringonme.de\/#organization","name":"Ring on Me | Hochzeitsplanung - Wedding Designs","url":"https:\/\/ringonme.de\/","logo":{"@type":"ImageObject","inLanguage":"es","@id":"https:\/\/ringonme.de\/#\/schema\/logo\/image\/","url":"https:\/\/ringonme.de\/wp-content\/uploads\/2022\/08\/3-1.png","contentUrl":"https:\/\/ringonme.de\/wp-content\/uploads\/2022\/08\/3-1.png","width":1500,"height":1500,"caption":"Ring on Me | Hochzeitsplanung - Wedding Designs"},"image":{"@id":"https:\/\/ringonme.de\/#\/schema\/logo\/image\/"},"sameAs":["https:\/\/www.instagram.com\/ring.on.me\/"]}]}},"_links":{"self":[{"href":"https:\/\/ringonme.de\/es\/wp-json\/wp\/v2\/pages\/15936"}],"collection":[{"href":"https:\/\/ringonme.de\/es\/wp-json\/wp\/v2\/pages"}],"about":[{"href":"https:\/\/ringonme.de\/es\/wp-json\/wp\/v2\/types\/page"}],"author":[{"embeddable":true,"href":"https:\/\/ringonme.de\/es\/wp-json\/wp\/v2\/users\/1"}],"replies":[{"embeddable":true,"href":"https:\/\/ringonme.de\/es\/wp-json\/wp\/v2\/comments?post=15936"}],"version-history":[{"count":1,"href":"https:\/\/ringonme.de\/es\/wp-json\/wp\/v2\/pages\/15936\/revisions"}],"predecessor-version":[{"id":15939,"href":"https:\/\/ringonme.de\/es\/wp-json\/wp\/v2\/pages\/15936\/revisions\/15939"}],"wp:attachment":[{"href":"https:\/\/ringonme.de\/es\/wp-json\/wp\/v2\/media?parent=15936"}],"curies":[{"name":"wp","href":"https:\/\/api.w.org\/{rel}","templated":true}]}}